{"id":94,"date":"2019-02-08T21:01:56","date_gmt":"2019-02-08T20:01:56","guid":{"rendered":"https:\/\/www.aboutmyhotel.com\/?page_id=94"},"modified":"2019-02-10T17:14:44","modified_gmt":"2019-02-10T16:14:44","slug":"faq-it","status":"publish","type":"page","link":"https:\/\/www.aboutmyhotel.com\/it\/faq-it\/","title":{"rendered":"FAQ"},"content":{"rendered":"\n<h2 class=\"wp-block-heading\">Come <g class=\"gr_ gr_10 gr-alert gr_spell gr_inline_cards gr_run_anim ContextualSpelling\" id=\"10\" data-gr-id=\"10\">faccio<\/g> ad <g class=\"gr_ gr_11 gr-alert gr_spell gr_inline_cards gr_run_anim ContextualSpelling\" id=\"11\" data-gr-id=\"11\">installare<\/g> il <g class=\"gr_ gr_12 gr-alert gr_spell gr_inline_cards gr_run_anim ContextualSpelling\" id=\"12\" data-gr-id=\"12\">servizio<\/g>?<\/h2>\n\n\n\n<p>Non \u00e8 richiesta alcuna installazione da parte dell\u2019utente! Per utilizzare il servizio \u00e8 sufficiente eseguire l\u2019accesso all\u2019Account Center utilizzando il proprio indirizzo email e password scelti al momento stesso dell\u2019iscrizione.<\/p>\n\n\n\n<hr class=\"wp-block-separator\"\/>\n\n\n\n<h2 class=\"wp-block-heading\">Cos\u2019\u00e8 l\u2019iscrizione gratuita e come funziona?<\/h2>\n\n\n\n<p>L\u2019iscrizione Trial \u00e8 una prova fruibile e completa in ogni sua  caratteristica del servizio. E\u2019 completamente gratuita e la durata \u00e8  pari a 1 gg. Per usufruirne, \u00e8 necessario <a href=\"https:\/\/www.aboutmyhotel.com\/it\/prova-gratuita\/\">iscriversi<\/a> al servizio. L\u2019adesione all\u2019iscrizione Trial NON comporta in alcun modo un vincolo all\u2019acquisto del servizio.<\/p>\n\n\n\n<hr class=\"wp-block-separator\"\/>\n\n\n\n<h2 class=\"wp-block-heading\">Come faccio a mantenere il servizio attivo dopo la prova gratuita?<\/h2>\n\n\n\n<p>Al termine della durata dell\u2019iscrizione gratuita, l\u2019utente avr\u00e0 la possibilit\u00e0 di mantenere attivo il servizio acquistando un\u2019iscrizione a pagamento tramite Account Center.<br> Con l\u2019acquisto di un iscrizione a pagamento \u00e8 necessario indicare la propria anagrafica comprensiva di indirizzo di fatturazione e carta di credito.<\/p>\n\n\n\n<hr class=\"wp-block-separator\"\/>\n\n\n\n<h2 class=\"wp-block-heading\">Quanto costa il servizio?<\/h2>\n\n\n\n<p>L\u2019utilizzo del servizio ha un costo conteggiato su base mensile o  annuale, come riportato nella tabella all\u2019interno dell\u2019apposita <a href=\"https:\/\/www.aboutmyhotel.com\/it\/abbonamenti\/\">pagina<\/a>.<\/p>\n\n\n\n<hr class=\"wp-block-separator\"\/>\n\n\n\n<h2 class=\"wp-block-heading\">Come posso acquistare l&#8217;abbonamento di AboutMyHotel per il mio hotel?<\/h2>\n\n\n\n<p>Il servizio pu\u00f2 essere acquistato direttamente online con l&#8217;accesso all&#8217;Account Center. La transazione viene gestita da Paypal.The purchase is made via Paypal.<\/p>\n\n\n\n<hr class=\"wp-block-separator\"\/>\n\n\n\n<h2 class=\"wp-block-heading\">Quali sono i metodi di pagamento disponibili?<\/h2>\n\n\n\n<p>I pagamenti vendogo gestiti da Paypal (carta di credito\/bonifico bancario) e sono addebitati a seconda dell\u2019abbonamento acquistato. Se utente non \u00e8 registrato al servizio Paypal, pu\u00f2 comunque acquistare il servizio utilizzando la propria carta di credito.<\/p>\n\n\n\n<hr class=\"wp-block-separator\"\/>\n\n\n\n<h2 class=\"wp-block-heading\">Come viene eseguita la fatturazione dei pagamenti?<\/h2>\n\n\n\n<p>Il prezzo per il servizio \u00e8 al netto delle imposte e tasse che sono calcolate in base alla vigente normativa fiscale. La fatturazione avviene in seguito alla ricezione del pagamento.<\/p>\n\n\n\n<hr class=\"wp-block-separator\"\/>\n\n\n\n<h2 class=\"wp-block-heading\">Dove <g class=\"gr_ gr_9 gr-alert gr_spell gr_inline_cards gr_run_anim ContextualSpelling ins-del multiReplace\" id=\"9\" data-gr-id=\"9\">posso<\/g> <g class=\"gr_ gr_10 gr-alert gr_spell gr_inline_cards gr_run_anim ContextualSpelling ins-del multiReplace\" id=\"10\" data-gr-id=\"10\">consultare<\/g> la <g class=\"gr_ gr_13 gr-alert gr_spell gr_inline_cards gr_run_anim ContextualSpelling\" id=\"13\" data-gr-id=\"13\">situazione<\/g> <g class=\"gr_ gr_11 gr-alert gr_spell gr_inline_cards gr_run_anim ContextualSpelling ins-del multiReplace\" id=\"11\" data-gr-id=\"11\">contabile<\/g> e le <g class=\"gr_ gr_12 gr-alert gr_spell gr_inline_cards gr_run_anim ContextualSpelling ins-del multiReplace\" id=\"12\" data-gr-id=\"12\">fatture<\/g>?<\/h2>\n\n\n\n<p>All\u2019interno dell\u2019Account Center, nella sezione \u201cOrdini e Pagamenti\u201d.<\/p>\n\n\n\n<hr class=\"wp-block-separator\"\/>\n\n\n\n<h2 class=\"wp-block-heading\">Come si <g class=\"gr_ gr_12 gr-alert gr_spell gr_inline_cards gr_run_anim ContextualSpelling\" id=\"12\" data-gr-id=\"12\">rinnova<\/g> il <g class=\"gr_ gr_11 gr-alert gr_spell gr_inline_cards gr_run_anim ContextualSpelling ins-del multiReplace\" id=\"11\" data-gr-id=\"11\">servizio<\/g> e come <g class=\"gr_ gr_13 gr-alert gr_spell gr_inline_cards gr_run_anim ContextualSpelling\" id=\"13\" data-gr-id=\"13\">avvengono<\/g> <g class=\"gr_ gr_15 gr-alert gr_tiny gr_spell gr_inline_cards gr_run_anim ContextualSpelling multiReplace\" id=\"15\" data-gr-id=\"15\">i<\/g> <g class=\"gr_ gr_14 gr-alert gr_spell gr_inline_cards gr_run_anim ContextualSpelling\" id=\"14\" data-gr-id=\"14\">pagamenti<\/g>?<\/h2>\n\n\n\n<p>Il <g class=\"gr_ gr_31 gr-alert gr_spell gr_inline_cards gr_run_anim ContextualSpelling\" id=\"31\" data-gr-id=\"31\">rinnovo<\/g> del <g class=\"gr_ gr_16 gr-alert gr_spell gr_inline_cards gr_run_anim ContextualSpelling ins-del multiReplace\" id=\"16\" data-gr-id=\"16\">servizio<\/g> ed <g class=\"gr_ gr_15 gr-alert gr_tiny gr_spell gr_inline_cards gr_run_anim ContextualSpelling multiReplace\" id=\"15\" data-gr-id=\"15\">i<\/g> <g class=\"gr_ gr_20 gr-alert gr_spell gr_inline_cards gr_run_anim ContextualSpelling ins-del multiReplace\" id=\"20\" data-gr-id=\"20\">relativi<\/g> <g class=\"gr_ gr_32 gr-alert gr_spell gr_inline_cards gr_run_anim ContextualSpelling\" id=\"32\" data-gr-id=\"32\">pagamenti<\/g> <g class=\"gr_ gr_33 gr-alert gr_spell gr_inline_cards gr_run_anim ContextualSpelling\" id=\"33\" data-gr-id=\"33\">avvengono<\/g> <g class=\"gr_ gr_34 gr-alert gr_spell gr_inline_cards gr_run_anim ContextualSpelling\" id=\"34\" data-gr-id=\"34\">automaticamente<\/g> con cadenza <g class=\"gr_ gr_21 gr-alert gr_spell gr_inline_cards gr_run_anim ContextualSpelling ins-del multiReplace\" id=\"21\" data-gr-id=\"21\">periodica<\/g> come <g class=\"gr_ gr_35 gr-alert gr_spell gr_inline_cards gr_run_anim ContextualSpelling\" id=\"35\" data-gr-id=\"35\">previsto<\/g> <g class=\"gr_ gr_36 gr-alert gr_spell gr_inline_cards gr_run_anim ContextualSpelling\" id=\"36\" data-gr-id=\"36\">dall\u2019ordine<\/g> e <g class=\"gr_ gr_22 gr-alert gr_spell gr_inline_cards gr_run_anim ContextualSpelling ins-del multiReplace\" id=\"22\" data-gr-id=\"22\">relativa<\/g> <g class=\"gr_ gr_37 gr-alert gr_spell gr_inline_cards gr_run_anim ContextualSpelling\" id=\"37\" data-gr-id=\"37\">iscrizione<\/g>; <g class=\"gr_ gr_23 gr-alert gr_spell gr_inline_cards gr_run_anim ContextualSpelling ins-del multiReplace\" id=\"23\" data-gr-id=\"23\">nel<\/g> <g class=\"gr_ gr_24 gr-alert gr_spell gr_inline_cards gr_run_anim ContextualSpelling ins-del multiReplace\" id=\"24\" data-gr-id=\"24\">caso<\/g> in <g class=\"gr_ gr_17 gr-alert gr_spell gr_inline_cards gr_run_anim ContextualSpelling ins-del multiReplace\" id=\"17\" data-gr-id=\"17\">cui<\/g> <g class=\"gr_ gr_38 gr-alert gr_spell gr_inline_cards gr_run_anim ContextualSpelling\" id=\"38\" data-gr-id=\"38\">l\u2019utente<\/g> <g class=\"gr_ gr_39 gr-alert gr_spell gr_inline_cards gr_run_anim ContextualSpelling\" id=\"39\" data-gr-id=\"39\">volesse<\/g> <g class=\"gr_ gr_25 gr-alert gr_spell gr_inline_cards gr_run_anim ContextualSpelling ins-del multiReplace\" id=\"25\" data-gr-id=\"25\">rinunciare<\/g> al <g class=\"gr_ gr_40 gr-alert gr_spell gr_inline_cards gr_run_anim ContextualSpelling\" id=\"40\" data-gr-id=\"40\">rinnovo<\/g> <g class=\"gr_ gr_26 gr-alert gr_spell gr_inline_cards gr_run_anim ContextualSpelling ins-del multiReplace\" id=\"26\" data-gr-id=\"26\">dell\u2019ordine<\/g> e <g class=\"gr_ gr_41 gr-alert gr_spell gr_inline_cards gr_run_anim ContextualSpelling\" id=\"41\" data-gr-id=\"41\">all\u2019addebito<\/g> <g class=\"gr_ gr_42 gr-alert gr_spell gr_inline_cards gr_run_anim ContextualSpelling\" id=\"42\" data-gr-id=\"42\">dei<\/g> <g class=\"gr_ gr_27 gr-alert gr_spell gr_inline_cards gr_run_anim ContextualSpelling ins-del multiReplace\" id=\"27\" data-gr-id=\"27\">successivi<\/g> <g class=\"gr_ gr_43 gr-alert gr_spell gr_inline_cards gr_run_anim ContextualSpelling\" id=\"43\" data-gr-id=\"43\">pagamenti<\/g>, si <g class=\"gr_ gr_44 gr-alert gr_spell gr_inline_cards gr_run_anim ContextualSpelling\" id=\"44\" data-gr-id=\"44\">consiglia<\/g> <g class=\"gr_ gr_45 gr-alert gr_spell gr_inline_cards gr_run_anim ContextualSpelling\" id=\"45\" data-gr-id=\"45\">l\u2019annullamento<\/g> <g class=\"gr_ gr_46 gr-alert gr_spell gr_inline_cards gr_run_anim ContextualSpelling\" id=\"46\" data-gr-id=\"46\">dei<\/g> <g class=\"gr_ gr_47 gr-alert gr_spell gr_inline_cards gr_run_anim ContextualSpelling\" id=\"47\" data-gr-id=\"47\">pagamenti<\/g> <g class=\"gr_ gr_28 gr-alert gr_spell gr_inline_cards gr_run_anim ContextualSpelling ins-del multiReplace\" id=\"28\" data-gr-id=\"28\">futuri<\/g> <g class=\"gr_ gr_29 gr-alert gr_spell gr_inline_cards gr_run_anim ContextualSpelling ins-del multiReplace\" id=\"29\" data-gr-id=\"29\">relativi<\/g> <g class=\"gr_ gr_48 gr-alert gr_spell gr_inline_cards gr_run_anim ContextualSpelling\" id=\"48\" data-gr-id=\"48\">all\u2019ordine<\/g> (Account Center, <g class=\"gr_ gr_18 gr-alert gr_spell gr_inline_cards gr_run_anim ContextualSpelling ins-del multiReplace\" id=\"18\" data-gr-id=\"18\">sezione<\/g> \u201cCancel Payments\u201d), <g class=\"gr_ gr_49 gr-alert gr_spell gr_inline_cards gr_run_anim ContextualSpelling\" id=\"49\" data-gr-id=\"49\">almeno<\/g> 48 ore prima <g class=\"gr_ gr_19 gr-alert gr_spell gr_inline_cards gr_run_anim ContextualSpelling ins-del multiReplace\" id=\"19\" data-gr-id=\"19\">dalla<\/g> data <g class=\"gr_ gr_50 gr-alert gr_spell gr_inline_cards gr_run_anim ContextualSpelling\" id=\"50\" data-gr-id=\"50\">della<\/g> <g class=\"gr_ gr_51 gr-alert gr_spell gr_inline_cards gr_run_anim ContextualSpelling\" id=\"51\" data-gr-id=\"51\">scadenza<\/g> <g class=\"gr_ gr_30 gr-alert gr_spell gr_inline_cards gr_run_anim ContextualSpelling ins-del multiReplace\" id=\"30\" data-gr-id=\"30\">periodica<\/g>.<\/p>\n\n\n\n<hr class=\"wp-block-separator\"\/>\n\n\n\n<h2 class=\"wp-block-heading\">Come <g class=\"gr_ gr_7 gr-alert gr_spell gr_inline_cards gr_run_anim ContextualSpelling\" id=\"7\" data-gr-id=\"7\">faccio<\/g> ad <g class=\"gr_ gr_6 gr-alert gr_spell gr_inline_cards gr_run_anim ContextualSpelling ins-del multiReplace\" id=\"6\" data-gr-id=\"6\">annullare<\/g> un <g class=\"gr_ gr_8 gr-alert gr_spell gr_inline_cards gr_run_anim ContextualSpelling\" id=\"8\" data-gr-id=\"8\">ordine<\/g>?<\/h2>\n\n\n\n<p>L\u2019ordine pu\u00f2 essere annullato dall\u2019Account Center nella sezione \u201cOrders &amp; Payments\u201d, selezionando l\u2019ordine di interesse e cliccando su \u201cCancel Payments\u201d. Verrai rendirizzato al sito di Paypal tramite il quale potrai confermare l&#8217;annullamento della tua iscrizione.<\/p>\n\n\n\n<hr class=\"wp-block-separator\"\/>\n\n\n\n<h2 class=\"wp-block-heading\">Come <g class=\"gr_ gr_10 gr-alert gr_spell gr_inline_cards gr_run_anim ContextualSpelling\" id=\"10\" data-gr-id=\"10\">faccio<\/g> a <g class=\"gr_ gr_9 gr-alert gr_spell gr_inline_cards gr_run_anim ContextualSpelling ins-del multiReplace\" id=\"9\" data-gr-id=\"9\">cancellare<\/g> il <g class=\"gr_ gr_11 gr-alert gr_spell gr_inline_cards gr_run_anim ContextualSpelling\" id=\"11\" data-gr-id=\"11\">mio<\/g> account?<\/h2>\n\n\n\n<p>E\u2019 possibile richiedere la cancellazione del proprio account tramite Account Center. Non verranno prese in considerazione comunicazioni di cancellazione tramite e-mail o telefono. In seguito alla richiesta di cancellazione, tutti gli ordini e i relativi pagamenti verranno annullati ed eliminati cosi come tutte le informazioni relative ad iscrizioni e dati personali. Le informazioni annullate ed eliminate non potranno pi\u00f9 essere recuperate.<\/p>\n\n\n\n<hr class=\"wp-block-separator\"\/>\n\n\n\n<h2 class=\"wp-block-heading\">E\u2019 <g class=\"gr_ gr_10 gr-alert gr_spell gr_inline_cards gr_run_anim ContextualSpelling\" id=\"10\" data-gr-id=\"10\">previsto<\/g> il <g class=\"gr_ gr_9 gr-alert gr_spell gr_inline_cards gr_run_anim ContextualSpelling ins-del multiReplace\" id=\"9\" data-gr-id=\"9\">rimborso<\/g> per <g class=\"gr_ gr_11 gr-alert gr_spell gr_inline_cards gr_run_anim ContextualSpelling\" id=\"11\" data-gr-id=\"11\">l\u2019annullamento<\/g> di un <g class=\"gr_ gr_12 gr-alert gr_spell gr_inline_cards gr_run_anim ContextualSpelling\" id=\"12\" data-gr-id=\"12\">ordine<\/g>?<\/h2>\n\n\n\n<p>Il rimborso non \u00e8 previsto. L&#8217;utente pu\u00f2 utilizzare la prova gratuita della durata di 15 giorni prima di procedere all&#8217;acquisto di un abbonamento a pagamento. Non \u00e8 previsto alcun rimborso per i pagamenti successivi al primo pagamento di ciascun ordine; \u00e8 possibile altres\u00ec sospendere il servizio, ed i relativi pagamenti di ciascun ordine, in qualsiasi momento, tramite Account Center.<\/p>\n\n\n\n<hr class=\"wp-block-separator\"\/>\n\n\n\n<h2 class=\"wp-block-heading\">E\u2019 <g class=\"gr_ gr_7 gr-alert gr_spell gr_inline_cards gr_run_anim ContextualSpelling ins-del multiReplace\" id=\"7\" data-gr-id=\"7\">possibile<\/g> <g class=\"gr_ gr_8 gr-alert gr_spell gr_inline_cards gr_run_anim ContextualSpelling\" id=\"8\" data-gr-id=\"8\">utilizzare<\/g> un <g class=\"gr_ gr_6 gr-alert gr_spell gr_inline_cards gr_run_anim ContextualSpelling ins-del multiReplace\" id=\"6\" data-gr-id=\"6\">unico<\/g> account per pi\u00f9 hotel?<\/h2>\n\n\n\n<p>Certo! Per <g class=\"gr_ gr_12 gr-alert gr_spell gr_inline_cards gr_run_anim ContextualSpelling\" id=\"12\" data-gr-id=\"12\">ogni<\/g> account \u00e8 <g class=\"gr_ gr_9 gr-alert gr_spell gr_inline_cards gr_run_anim ContextualSpelling ins-del multiReplace\" id=\"9\" data-gr-id=\"9\">possibile<\/g> <g class=\"gr_ gr_13 gr-alert gr_spell gr_inline_cards gr_run_anim ContextualSpelling\" id=\"13\" data-gr-id=\"13\">eseguire<\/g> pi\u00f9 <g class=\"gr_ gr_10 gr-alert gr_spell gr_inline_cards gr_run_anim ContextualSpelling ins-del multiReplace\" id=\"10\" data-gr-id=\"10\">ordini<\/g> con diverse <g class=\"gr_ gr_14 gr-alert gr_spell gr_inline_cards gr_run_anim ContextualSpelling\" id=\"14\" data-gr-id=\"14\">iscrizioni<\/g> per <g class=\"gr_ gr_16 gr-alert gr_tiny gr_spell gr_inline_cards gr_run_anim ContextualSpelling multiReplace\" id=\"16\" data-gr-id=\"16\">i<\/g> <g class=\"gr_ gr_11 gr-alert gr_spell gr_inline_cards gr_run_anim ContextualSpelling ins-del multiReplace\" id=\"11\" data-gr-id=\"11\">singoli<\/g> hotel.<\/p>\n\n\n\n<hr class=\"wp-block-separator\"\/>\n\n\n\n<h2 class=\"wp-block-heading\">E\u2019 possibile utilizzare il servizio su pi\u00f9 computer?<\/h2>\n\n\n\n<p>Il <g class=\"gr_ gr_8 gr-alert gr_spell gr_inline_cards gr_run_anim ContextualSpelling ins-del multiReplace\" id=\"8\" data-gr-id=\"8\">servizio<\/g> \u00e8 <g class=\"gr_ gr_9 gr-alert gr_spell gr_inline_cards gr_run_anim ContextualSpelling ins-del multiReplace\" id=\"9\" data-gr-id=\"9\">utilizzabile<\/g> da <g class=\"gr_ gr_15 gr-alert gr_spell gr_inline_cards gr_run_anim ContextualSpelling\" id=\"15\" data-gr-id=\"15\">qualsiasi<\/g> computer <g class=\"gr_ gr_10 gr-alert gr_spell gr_inline_cards gr_run_anim ContextualSpelling ins-del multiReplace\" id=\"10\" data-gr-id=\"10\">dotato<\/g> di un browser web (<g class=\"gr_ gr_11 gr-alert gr_spell gr_inline_cards gr_run_anim ContextualSpelling ins-del multiReplace\" id=\"11\" data-gr-id=\"11\">navigatore<\/g> internet) <g class=\"gr_ gr_16 gr-alert gr_spell gr_inline_cards gr_run_anim ContextualSpelling\" id=\"16\" data-gr-id=\"16\">aggiornato<\/g> <g class=\"gr_ gr_12 gr-alert gr_spell gr_inline_cards gr_run_anim ContextualSpelling ins-del multiReplace\" id=\"12\" data-gr-id=\"12\">alle<\/g> <g class=\"gr_ gr_13 gr-alert gr_spell gr_inline_cards gr_run_anim ContextualSpelling ins-del multiReplace\" id=\"13\" data-gr-id=\"13\">versioni<\/g> pi\u00f9 <g class=\"gr_ gr_14 gr-alert gr_spell gr_inline_cards gr_run_anim ContextualSpelling ins-del multiReplace\" id=\"14\" data-gr-id=\"14\">recenti<\/g> <g class=\"gr_ gr_17 gr-alert gr_spell gr_inline_cards gr_run_anim ContextualSpelling\" id=\"17\" data-gr-id=\"17\">dotato<\/g> di <g class=\"gr_ gr_18 gr-alert gr_spell gr_inline_cards gr_run_anim ContextualSpelling\" id=\"18\" data-gr-id=\"18\">connessione<\/g> internet<g class=\"gr_ gr_20 gr-alert gr_gramm gr_inline_cards gr_run_anim Style replaceWithoutSep\" id=\"20\" data-gr-id=\"20\">.<\/g><\/p>\n\n\n\n<hr class=\"wp-block-separator\"\/>\n\n\n\n<h2 class=\"wp-block-heading\">A chi posso rivolgermi in caso di assistenza tecnica?<\/h2>\n\n\n\n<p>Il supporto viene fornito tramite email; per inviare una richiesta di assistenza, puoi scriverci all\u2019indirizzo email <a href=\"mailto:info@aboutmyhotel.com\">info@aboutmyhotel.com<\/a> o compilando i moduli online presenti sul sito del servizio e nell\u2019Account Center.<\/p>\n","protected":false},"excerpt":{"rendered":"<p>Come faccio ad installare il servizio? Non \u00e8 richiesta alcuna installazione da parte dell\u2019utente! Per utilizzare il servizio \u00e8 sufficiente eseguire l\u2019accesso all\u2019Account Center utilizzando il proprio indirizzo email e password scelti al momento stesso dell\u2019iscrizione. Cos\u2019\u00e8 l\u2019iscrizione gratuita e come funziona? L\u2019iscrizione Trial \u00e8 una prova fruibile e completa in ogni sua caratteristica del [&hellip;]<\/p>\n","protected":false},"author":1,"featured_media":0,"parent":0,"menu_order":0,"comment_status":"closed","ping_status":"closed","template":"","meta":{"footnotes":""},"class_list":["post-94","page","type-page","status-publish","hentry"],"aioseo_notices":[],"_links":{"self":[{"href":"https:\/\/www.aboutmyhotel.com\/it\/wp-json\/wp\/v2\/pages\/94","targetHints":{"allow":["GET"]}}],"collection":[{"href":"https:\/\/www.aboutmyhotel.com\/it\/wp-json\/wp\/v2\/pages"}],"about":[{"href":"https:\/\/www.aboutmyhotel.com\/it\/wp-json\/wp\/v2\/types\/page"}],"author":[{"embeddable":true,"href":"https:\/\/www.aboutmyhotel.com\/it\/wp-json\/wp\/v2\/users\/1"}],"replies":[{"embeddable":true,"href":"https:\/\/www.aboutmyhotel.com\/it\/wp-json\/wp\/v2\/comments?post=94"}],"version-history":[{"count":4,"href":"https:\/\/www.aboutmyhotel.com\/it\/wp-json\/wp\/v2\/pages\/94\/revisions"}],"predecessor-version":[{"id":145,"href":"https:\/\/www.aboutmyhotel.com\/it\/wp-json\/wp\/v2\/pages\/94\/revisions\/145"}],"wp:attachment":[{"href":"https:\/\/www.aboutmyhotel.com\/it\/wp-json\/wp\/v2\/media?parent=94"}],"curies":[{"name":"wp","href":"https:\/\/api.w.org\/{rel}","templated":true}]}}