{"id":108,"date":"2019-02-08T21:07:22","date_gmt":"2019-02-08T20:07:22","guid":{"rendered":"https:\/\/www.aboutmyhotel.com\/?page_id=108"},"modified":"2019-02-10T00:59:28","modified_gmt":"2019-02-09T23:59:28","slug":"termini-del-servizio","status":"publish","type":"page","link":"https:\/\/www.aboutmyhotel.com\/it\/termini-del-servizio\/","title":{"rendered":"Termini del Servizio"},"content":{"rendered":"<div class=\"content\">\n<div class=\"container\">\n<p>Utilizzando il sito aboutmyhotel.com ed i servizi ad esso correlati e tutti i servizi promossi da Alian Web Consulting , l\u2019utente accetta i seguenti termini e condizioni (\u201cTermini del Servizio\u201d).<\/p>\n<p>Alian Web Consulting si riserva il diritto di aggiornare e modificare i Termini del Servizio di volta in volta senza preavviso. Eventuali nuove funzionalit\u00e0 volte a migliorare il Servizio, incluso il rilascio di nuovi strumenti e risorse, sono soggetti ai Termini del Servizio. L\u2019uso del Servizio, anche dopo tali cambiamenti, implica il consenso a tali modifiche da parte dell\u2019utente. \u00c8 possibile leggere la versione aggiornata dei Termini del Servizio in qualsiasi momento all\u2019indirizzo: <a href=\"http:\/\/www.aboutmyhotel.com\/terms-of-service\">http:\/\/www.aboutmyhotel.com\/terms-of-service<\/a><\/p>\n<p>La violazione dei Termini del Servizio, comporter\u00e0 la chiusura dell\u2019account dell\u2019utente che ha violato una qualsiasi delle condizioni enunciate in Termini del servizio. Alian Web Consulting , titolare del servizio AboutMyHotel, detta le seguenti condizioni per l\u2019utente, che le accetta cos\u00ec come sotto enunciate, al momento della sottoscrizione del servizio.<\/p>\n<p><strong>Condizioni per l\u2019utente<\/strong><\/p>\n<ol>\n<li>\u00c8 necessario avere almeno 13 anni per poter utilizzare il Servizio.<\/li>\n<li>Non sono ammessi utenti registrati da \u201cbot\u201d o altri metodi automatizzati.<\/li>\n<li>\u00c8 necessario fornire il proprio nome e cognome reali, un indirizzo email valido, ed eventuali altri dati utili per completare la procedura di iscrizione.<\/li>\n<li>L\u2019accesso al proprio account utente (\u201clogin\u201d) pu\u00f2 essere utilizzato da una sola persona \u2013 non \u00e8 consentito un unico login condiviso da pi\u00f9 persone.<\/li>\n<li>L\u2019utente \u00e8 responsabile della sicurezza per la conservazione dei propri dati di accesso al proprio account (email e password). Alian Web Consulting non \u00e8 responsabile per la perdita di qualsiasi informazione relativa all\u2019account dell\u2019utente e\/o dal danno derivante dal mancato rispetto degli obblighi di sicurezza.<\/li>\n<li>L\u2019utente \u00e8 responsabile di tutti i contenuti inseriti e di tutta l\u2019attivit\u00e0 che si verifica tramite il proprio account.<\/li>\n<li>L\u2019utente non pu\u00f2 utilizzare il Servizio per scopi illegali o non autorizzati e non deve violare le leggi della propria giurisdizione (incluse le leggi sul copyright) .<\/li>\n<\/ol>\n<p>Violando una o pi\u00f9 delle qualsiasi condizioni soprariportate, l\u2019utente verr\u00e0 cancellato dal sistema ed il suo account sar\u00e0 rimosso da parte di Alian Web Consulting societ\u00e0 proprietaria del software.<\/p>\n<p><strong>Ordini, pagamenti, rimborsi, aggiornamenti (upgrade e downgrade)<\/strong><br \/>\nPer eseguire l\u2019acquisto di ordini aventi iscrizioni a pagamento, \u00e8 richiesta una carta di credito valida. Gli utenti che eseguono ordini per iscrizioni gratuite o che non prevedano alcun tipo di pagamento, non sono tenuti a fornire i dati della carta di credito.<\/p>\n<p>Al momento dell\u2019iscrizione l\u2019utente avr\u00e0 la possibilit\u00e0 di scegliere il proprio abbonamento ed il relativo costo. Tutti i costi sono riportati nella tabella. Ogni utente ha la possibilit\u00e0 di eseguire pi\u00f9 ordini scegliendo tra le tipologie di abbonamento disponibili al momento dell\u2019acquisto.<br \/>\nL\u2019ordine che prevede un\u2019iscrizione gratuita o che non prevede alcun pagamento, \u00e8 limitata ad un solo ordine per utente. Qualora si dovessero riscontrare dei tentativi volti ad aggirare questa restrizione, saranno considerati una violazione dei Termini di Servizio con conseguente disattivazione dell\u2019account\u200b\u200b o degli account colpevoli di aver infranto i suddetti termini e condizioni.<\/p>\n<p>Il costo per gli ordini effettuati e le conseguenti iscrizioni a pagamento, verr\u00e0 addebitato immediatamente cos\u00ec come previsto a seconda della tipologia di abbonamento scelto. Tutti i costi per gli ordini a pagamento che prevedono un canone periodico, verranno addebitati in automatico a seconda della scelta effettuata.<\/p>\n<p>L\u2019utente ha la possibilit\u00e0 di sospendere autonomamente ed in qualsiasi momento i pagamenti per gli ordini tramite l\u2019accesso all\u2019Account Center, sezione \u201cOrders &amp; Payments\u201d, selezionando l\u2019ordine interessato e cliccando su \u201cCancel Payments\u201d. L&#8217;utente verr\u00e0 reindirizzato al sito Paypal per confermare l&#8217;eliminazione dei pagamenti relativi al proprio abbonamento\/i.<\/p>\n<p>Tutti gli ordini, per i quali varr\u00e0 fatta richiesta di annullamento dei pagamenti, saranno considerati annullati e pertanto scadranno alla data di fine periodo dell\u2019ultimo pagamento; il servizio verr\u00e0 comunque mantenuto attivo fino alla fine del periodo dell\u2019ultimo pagamento. Alla data di fine periodo, il servizio verr\u00e0 interrotto con la possibilit\u00e0 da parte dell\u2019utente di consultare i dati ed i contenuti presenti fino a tale momento; il sistema in automatico sospender\u00e0 l\u2019aggiornamento di nuovi dati e contenuti futuri. Qualora si desideri riattivare un ordine annullato o scaduto, sar\u00e0 possibile effettuare un rinnovo dello stesso tramite l\u2019accesso all\u2019Account Center, sezione \u201cOrders &amp; Payments\u201d, selezionando l\u2019ordine interessato e cliccando su \u201cUpdate order\u201d.<\/p>\n<p>L\u2019aggiornamento di un ordine avente un\u2019iscrizione gratuita o che non prevede alcun tipo di pagamento, ed il conseguente passaggio ad un ordine che prevede un costo di iscrizione a pagamento, compresi upgrade e downgrade, implicher\u00e0 l\u2019utilizzo di una carta di credito e il relativo addebito per il primo periodo dell\u2019ordine acquistato.<\/p>\n<p>Il servizio viene fatturato per ogni pagamento ricevuto e non sar\u00e0 rimborsabile. Le fatture saranno visualizzabili all\u2019intero del proprio Account Center. Non sono previsti rimborsi o crediti per i periodi parziali del servizio, di upgrade, downgrade, o rimborsi per periodi non utilizzati, senza alcuna eccezione.<br \/>\nTutti i costi sono indicati al netto di tasse, imposte, dazi ed altri oneri di natura fiscale. Ogni utente \u00e8 responsabile del pagamento delle imposte, tasse, dazi od altri oneri secondo la fiscalit\u00e0 e la legislazione vigente nel proprio paese; per gli individui aventi la propria attivit\u00e0 fiscale in Italia, verranno applicate le imposte vigenti.<\/p>\n<p><strong>Annullamento e rescissione<\/strong><br \/>\nL\u2019utente stesso \u00e8 il solo responsabile per l\u2019annullamento del proprio account.<br \/>\nE\u2019 possibile richiedere l\u2019annullamento del proprio account tramite Account Center. Non verranno prese in considerazione comunicazioni di annullamento o rescissione dal contratto tramite e-mail o telefono.<br \/>\nIn seguito alla richiesta di annullamento, tutti gli ordini e i relativi pagamenti verranno annullati ed eliminati cosi come tutte le informazioni relative ad iscrizioni e dati personali.<br \/>\nLe informazioni annullate ed eliminate non potranno pi\u00f9 essere recuperate in seguito alla cancellazione dell\u2019account.<br \/>\nSe la richiesta di annullamento dell\u2019account avviene prima della fine del periodo di addebito di nuovi pagamenti, l\u2019annullamento avr\u00e0 effetto immediato e non verranno eseguiti ulteriori addebiti.<br \/>\nLa societ\u00e0 Alian Web Consulting, qualora avisasse un comportamento non conforme o una effrazione ad una delle qualsiasi condizioni enunciate nel presente documento, a sua esclusiva discrezione, ha il diritto di sospendere o annullare gli account e di rifiutare ogni e qualsiasi uso attuale o futuro del Servizio, o qualsiasi altro servizio promosso da Alian Web Consulting, per qualsiasi motivo ed in qualsiasi momento.<\/p>\n<p><strong>Modifiche ai prezzi<\/strong><br \/>\nAlian Web Consulting si riserva il diritto, in qualsiasi momento di modificare o interrompere, temporaneamente o permanentemente, il Servizio, o parte di esso, con o senza preavviso.<br \/>\nI prezzi di tutti i servizi sono soggetti a modifiche con preavviso di 30 giorni. Tale comunicazione pu\u00f2 essere fornita in qualsiasi momento, pubblicando le modifiche sul sito AboutMyHotel (aboutmyhotel.com).<br \/>\nAlian Web Consulting non sar\u00e0 responsabile nei confronti dell\u2019utente o di terze parti, per qualsiasi modifica, variazione di prezzo, sospensione o interruzione del Servizio.<\/p>\n<p><strong>Diritti d\u2019autore e propriet\u00e0 dei contenuti<\/strong><br \/>\nTutti i contenuti pubblicati sul servizio devono necessariamente rispettare i diritti d\u2019autore.<br \/>\nIl sito web dell\u2019utente, i profili e i dati pubblicati all\u2019interno del proprio account, sono di propriet\u00e0 dell\u2019utente.<br \/>\nAderendo al Servizio, l\u2019utente concede ad Alian Web Consulting l\u2019utilizzo del logo, immagini, contenuti testuali dell\u2019utente stesso per scopi pubblicitari e divulgativi; per tale utilizzi non \u00e8 previsto alcun tipo di compenso o diritto di royalty; qualora l\u2019utente non volesse concedere l\u2019utilizzo del logo, immagini, contenuti testuali dell\u2019utente stesso per scopi pubblicitari e divulgativi \u00e8 tenuto a darne tempestiva comunicazione.<br \/>\nAlian Web Consulting si riserva il diritto di rifiutare o rimuovere, a propria discrezione, un qualsiasi contenuto o ordine per il Servizio, che non dovesse rispettare quanto enunciato nel presente documento.<br \/>\nLe grafiche ed i contenuti del Servizio sono di propriet\u00e0 di Alian Web Consulting e tutti i diritti sono riservati. L\u2019utente non pu\u00f2 duplicare, copiare, o riutilizzare n\u00e9 in \u201ctoto\u201d ne parte del codice HTML \/ CSS o elementi di progettazione senza autorizzazione scritta di Alian Web Consulting.<\/p>\n<p><strong>Condizioni Generali<\/strong><\/p>\n<ol>\n<li>L\u2019utilizzo del Servizio viene fornito all\u2019utente cos\u00ec come visto, piaciuto ed accettato.<\/li>\n<li>Il supporto tecnico viene fornito esclusivamente agli utenti che utilizzano i servizi a fronte di un pagamento; il supporto tecnico \u00e8 fruibile unicamente via e-mail o tramite i moduli web presenti all\u2019interno del sito.<\/li>\n<li>Alian Web Consulting utilizza fornitori di terze parti e partner di hosting per fornire il necessario hardware, software, networking, storage e la relativa tecnologia necessaria per espletare il Servizio.<\/li>\n<li>E\u2019 vietata la riproduzione del marchio e dei contenuti presenti all\u2019interno del sito stesso o del Account Center per proporre servizi che nulla hanno a che fare con AboutMyHotel; ogni riproduzione del marchio e\/o del layout che possa essere ricondotto ad AboutMyHotel verr\u00e0 considerato \u201cpubblicit\u00e0\/offerta falsa e\/o ingannevole\u201d e perseguibile a norma e termini di legge.<\/li>\n<li>L\u2019utente si impegna a non riprodurre, duplicare, copiare, vendere, rivendere, trasferire a terzi l\u2019uso del Servizio, l\u2019accesso al Servizio o sfruttare qualsiasi parte del Servizio, senza l\u2019espressa autorizzazione scritta di Alian Web Consulting.<\/li>\n<li>Alian Web Consulting ha la facolt\u00e0 di rimuovere o eliminare i contenuti o account che contengono materiale illegale, offensivo , minaccioso, calunnioso, diffamatorio, discriminatorio, razzista, pornografico, osceno o che violi la propriet\u00e0 intellettuale riportata nei Termini di Servizio .<\/li>\n<li>Qualsiasi tipo di forma di minaccia o abuso verbale, fisico, scritto o altro da parte di qualsiasi utente che possa ledere Alian Web Consulting , i suoi soci, dipendenti, funzionari, o rappresentanti, causer\u00e0 la chiusura immediata dell\u2019account.<\/li>\n<li>L\u2019utente riconosce che l\u2019elaborazione tecnica e la trasmissione del Servizio, inclusi i suoi contenuti, possono essere trasferiti cifrati e coinvolgere trasmissioni su altre e diverse reti, pur garantendo la protezione dei dati riservati.<\/li>\n<li>L\u2019utente non deve caricare, inviare o trasmettere e-mail non richieste, SMS , o messaggi \u201cspam\u201d.<\/li>\n<li>Altres\u00ec l\u2019utente non deve inviare worm o virus o qualsiasi codice di natura distruttiva.<\/li>\n<li>Se l\u2019utilizzo di banda del singolo account supera l\u2019utilizzo medio della larghezza di altri account del Servizio (utilizzo determinato da Alian Web Consulting), Alian Web Consulting si riserva il diritto di disattivare immediatamente il suddetto account o ridurne la capacit\u00e0 di hosting per contenere il consumo di banda.<\/li>\n<li>L\u2019utente utilizzando il Servizio, esonera e manleva Alian Web Consulting da qualsiasi controversia legale\/civile o amministrativa per eventuali, danni diretti, indiretti, specifici, incidentali, punitivi, cauzionali o consequenziali, sorti nei confronti di terzi ed in genere legati all\u2019utilizzo non conforme dei software o servizi proposti.<\/li>\n<li>Alian Web Consulting non pu\u00f2 essere ritenuta responsabile per brevi malfunzionamenti dei servizi, causati da problemi tecnici su macchinari, server, router, linee telefoniche, reti telematiche, ecc. di sua propriet\u00e0 o di societ\u00e0 selezionate per offrire i servizi. Non sono attribuibili a Alian Web Consulting malfunzionamenti dei servizi, perdite di dati, diffusione accidentale di dati personali o sensibili, e qualsiasi altro tipo di danno verificatosi a seguito di attacchi da parte di pirati informatici, ladri, hacker, cracker, virus, ecc., per quanto il reparto tecnico di Alian Web Consulting collochi la sicurezza informatica tra i suoi primari obbiettivi.<\/li>\n<li>Alian Web Consulting non assume alcuna responsabilit\u00e0 per disservizi, interruzioni dei servizi e\/o danni imputabili a causa di forza maggiore quali incidenti, incendi, esplosioni, scioperi, serrate, terremoti, disastri, alluvioni, sommosse, ed altri eventi di difficile o impossibile previsione che impedissero, in tutto o in parte, di adempiere nei tempi o nei modi concordati ai termini di contratto.<\/li>\n<li>Alian Web Consulting non \u00e8 responsabile del malfunzionamento dei servizi a causa di non conformit\u00e0 e\/o obsolescenza degli apparecchi dei quali l\u2019utente o terze parti sono dotati. Nel caso in cui il l\u2019utente operasse modifiche di qualsiasi tipo ai servizi offerti, Alian Web Consulting non pu\u00f2 ritenersi responsabile per gli eventuali danni arrecati o malfunzionamenti.<\/li>\n<\/ol>\n<p><strong>Domande su Termini del Servizio<\/strong><br \/>\nEventuali domande su i Termini di Servizio devono essere inviate a <a href=\"mailto:info@aboutmyhotel.com\">info@aboutmyhotel.com<\/a>.<\/p>\n<p>Eseguendo l\u2019iscrizione al Servizio, l\u2019utente accetta i Termini del Servizio, la Privacy Policy e tutto quanto presente nella presente sezione.<\/p>\n<\/div>\n<\/div>\n","protected":false},"excerpt":{"rendered":"<p>Utilizzando il sito aboutmyhotel.com ed i servizi ad esso correlati e tutti i servizi promossi da Alian Web Consulting , l\u2019utente accetta i seguenti termini e condizioni (\u201cTermini del Servizio\u201d). Alian Web Consulting si riserva il diritto di aggiornare e modificare i Termini del Servizio di volta in volta senza preavviso. Eventuali nuove funzionalit\u00e0 volte [&hellip;]<\/p>\n","protected":false},"author":1,"featured_media":0,"parent":0,"menu_order":0,"comment_status":"closed","ping_status":"closed","template":"","meta":{"footnotes":""},"class_list":["post-108","page","type-page","status-publish","hentry"],"aioseo_notices":[],"_links":{"self":[{"href":"https:\/\/www.aboutmyhotel.com\/it\/wp-json\/wp\/v2\/pages\/108","targetHints":{"allow":["GET"]}}],"collection":[{"href":"https:\/\/www.aboutmyhotel.com\/it\/wp-json\/wp\/v2\/pages"}],"about":[{"href":"https:\/\/www.aboutmyhotel.com\/it\/wp-json\/wp\/v2\/types\/page"}],"author":[{"embeddable":true,"href":"https:\/\/www.aboutmyhotel.com\/it\/wp-json\/wp\/v2\/users\/1"}],"replies":[{"embeddable":true,"href":"https:\/\/www.aboutmyhotel.com\/it\/wp-json\/wp\/v2\/comments?post=108"}],"version-history":[{"count":2,"href":"https:\/\/www.aboutmyhotel.com\/it\/wp-json\/wp\/v2\/pages\/108\/revisions"}],"predecessor-version":[{"id":136,"href":"https:\/\/www.aboutmyhotel.com\/it\/wp-json\/wp\/v2\/pages\/108\/revisions\/136"}],"wp:attachment":[{"href":"https:\/\/www.aboutmyhotel.com\/it\/wp-json\/wp\/v2\/media?parent=108"}],"curies":[{"name":"wp","href":"https:\/\/api.w.org\/{rel}","templated":true}]}}