{"id":102,"date":"2019-02-08T21:04:43","date_gmt":"2019-02-08T20:04:43","guid":{"rendered":"https:\/\/www.aboutmyhotel.com\/?page_id=102"},"modified":"2019-02-10T00:19:24","modified_gmt":"2019-02-09T23:19:24","slug":"programma-per-partner","status":"publish","type":"page","link":"https:\/\/www.aboutmyhotel.com\/it\/programma-per-partner\/","title":{"rendered":"Partner"},"content":{"rendered":"\n<p>Il programma di affiliazione di AboutMyHotel \u00e8 dedicato a partner che\n intendono implementare il nostro servizio all\u2019interno del proprio \nsistema che esso sia un\u2019applicazione web o software alberghiero.<br>\nIn questo modo il partner potr\u00e0 avere una marcia in pi\u00f9 per il proprio sistema!<\/p>\n\n\n\n<ul class=\"wp-block-list\"><li>Il partner ha la possibilit\u00e0 di inserire all\u2019interno del nostro  sistema gli hotel che per i quali vuole attivare il nostro servizio.<\/li><li>AboutMyHotel configura, monitora e analizza le recensioni dei singoli hotel.<\/li><li>Il partner potr\u00e0 far visualizzare i dati acquisiti ed elaborati da AboutMyHotel all\u2019interno della propria applicazione\/software.<\/li><\/ul>\n\n\n\n<hr class=\"wp-block-separator\"\/>\n\n\n\n<h2 class=\"wp-block-heading\">I tre <g class=\"gr_ gr_26 gr-alert gr_spell gr_inline_cards gr_run_anim ContextualSpelling ins-del multiReplace\" id=\"26\" data-gr-id=\"26\">metodi<\/g> di <g class=\"gr_ gr_30 gr-alert gr_spell gr_inline_cards gr_run_anim ContextualSpelling ins-del multiReplace\" id=\"30\" data-gr-id=\"30\">integrazioni<\/g> <g class=\"gr_ gr_35 gr-alert gr_spell gr_inline_cards gr_run_anim ContextualSpelling ins-del multiReplace\" id=\"35\" data-gr-id=\"35\">offerti<\/g><\/h2>\n\n\n\n<ul class=\"wp-block-list\"><li><g class=\"gr_ gr_9 gr-alert gr_spell gr_inline_cards gr_run_anim ContextualSpelling ins-del multiReplace\" id=\"9\" data-gr-id=\"9\">Integarzione<\/g> API in <g class=\"gr_ gr_10 gr-alert gr_spell gr_inline_cards gr_run_anim ContextualSpelling ins-del multiReplace\" id=\"10\" data-gr-id=\"10\">formato<\/g> XML o JSON<\/li><li>Piattaforma White Label<\/li><li>Widget Application<\/li><\/ul>\n","protected":false},"excerpt":{"rendered":"<p>Il programma di affiliazione di AboutMyHotel \u00e8 dedicato a partner che intendono implementare il nostro servizio all\u2019interno del proprio sistema che esso sia un\u2019applicazione web o software alberghiero. In questo modo il partner potr\u00e0 avere una marcia in pi\u00f9 per il proprio sistema! Il partner ha la possibilit\u00e0 di inserire all\u2019interno del nostro sistema gli [&hellip;]<\/p>\n","protected":false},"author":1,"featured_media":0,"parent":0,"menu_order":0,"comment_status":"closed","ping_status":"closed","template":"template-partner-program.php","meta":{"footnotes":""},"class_list":["post-102","page","type-page","status-publish","hentry"],"aioseo_notices":[],"_links":{"self":[{"href":"https:\/\/www.aboutmyhotel.com\/it\/wp-json\/wp\/v2\/pages\/102","targetHints":{"allow":["GET"]}}],"collection":[{"href":"https:\/\/www.aboutmyhotel.com\/it\/wp-json\/wp\/v2\/pages"}],"about":[{"href":"https:\/\/www.aboutmyhotel.com\/it\/wp-json\/wp\/v2\/types\/page"}],"author":[{"embeddable":true,"href":"https:\/\/www.aboutmyhotel.com\/it\/wp-json\/wp\/v2\/users\/1"}],"replies":[{"embeddable":true,"href":"https:\/\/www.aboutmyhotel.com\/it\/wp-json\/wp\/v2\/comments?post=102"}],"version-history":[{"count":3,"href":"https:\/\/www.aboutmyhotel.com\/it\/wp-json\/wp\/v2\/pages\/102\/revisions"}],"predecessor-version":[{"id":126,"href":"https:\/\/www.aboutmyhotel.com\/it\/wp-json\/wp\/v2\/pages\/102\/revisions\/126"}],"wp:attachment":[{"href":"https:\/\/www.aboutmyhotel.com\/it\/wp-json\/wp\/v2\/media?parent=102"}],"curies":[{"name":"wp","href":"https:\/\/api.w.org\/{rel}","templated":true}]}}